{"id":1052,"date":"2022-11-17T07:06:57","date_gmt":"2022-11-17T07:06:57","guid":{"rendered":"https:\/\/www.nagroup.ee\/about-us\/"},"modified":"2024-06-27T10:33:24","modified_gmt":"2024-06-27T10:33:24","slug":"meist","status":"publish","type":"page","link":"https:\/\/www.nagroup.ee\/et\/meist\/","title":{"rendered":"Meist"},"content":{"rendered":"\n<h2 class=\"wp-block-heading wp-el\">Meie lugu<\/h2>\n\n\n\n<p class=\"wp-el\">Nordic Aviation Group asutati 2015. aastal peale seda, kui Eesti Valitsus allkirjastas otsuse moodustada rahvuslik lennufirma, et tagada pidev lennu\u00fchenduvus p\u00e4rast Estonian Airi tegevuse l\u00f5ppemist. &nbsp; Eestil on pikk lennundusajalugu. Peale lennufirma \u201cAeronaut\u201d asutamist 1921. aastal sai Eesti kolmeteistk\u00fcmnendaks riigiks maailmas, kel oli oma lennufirma. See peat\u00fckk ajaloost pajatab lugusid paljude andekate inimeste eludest, nende saavutustest ja lennundusriigiks saamise verstapostidest. Eesti on \u00fcks v\u00e4heseid riike Euroopas, kus on endiselt olemas riiklik lennuakadeemia, mis koolitab ka piloote ja on piirkonna majanduse arenguks v\u00e4ga oluline haridusasutus.<\/p>\n\n\n\n<p class=\"wp-el\">Tugeva lennundussektori olemasolu on igale riigile ka strateegiliselt \u00e4\u00e4rmiselt t\u00e4htis. Uute tehnoloogiate kasutuselev\u00f5tt n\u00f5uab ka lennundusinseneride hariduse j\u00e4rjepidevuse tagamist ja lennundusspetsialitide koolitamist. Nordic Aviation Group on kahe usaldusv\u00e4\u00e4rse br\u00e4ndi &nbsp;\u2013 Nordica ja Xfly \u2013 uhke omanik. Kontsern kuulub 100% Eesti Vabariigile. Grupp pakub kahe kaubam\u00e4rgi alt pikaajalisi lennuteenuseid Euroopa suurematele lennufirmadele, aidates neil kasvada ja kulusid kokku hoida. Meie koduturg on t\u00e4na Euroopa, kuid uksed on lahti ka globaalses m\u00f5ttes. Oleme aktiivsed ka t\u0161arterlendude ja PSO (Public Service Obligation) turul. Nordic Aviation Group on \u00fcks neist lennundusettev\u00f5tetest, mis aitab Euroopa lennundussektoril kasvada ja muutuda.<\/p>\n\n\n\n<p class=\"wp-el\">Meie peakontor asub Tallinnas ja baasid Stockholmis, Kopenhaagenis, Turus, Aarhusis, Vilniuses, Lissabonis, Hamburgis ja M\u00fcnchenis. Meie ettev\u00f5tet iseloomustab paindlikkus, efektiivsus, kiirus ning see, et meiega on lihtne koost\u00f6\u00f6d teha. Lisaks lennuteenustele on meil oma ning t\u00f5hus liinihooldusosaskond ja oma lennukool &#8211; <a href=\"http:\/\/www.flightacademy.ee\" data-type=\"URL\" data-id=\"www.flightacademy.ee\" rel=\"nofollow noopener\" target=\"_blank\">Xfly Flight Academy<\/a>. &nbsp;<\/p>\n\n\n\n<div class=\"wp-block-columns\">\n<div class=\"wp-block-column\" style=\"flex-basis:100%\">\n<blockquote class=\"wp-block-quote\">\n<h4 class=\"wp-block-heading wp-el\">Meie <strong>missioon<\/strong> on \u00fchendada inimesi ja regioone kuluefektiivsete ja j\u00e4tkusuutlike lendude pakkumise teel. <\/h4>\n\n\n\n<h4 class=\"wp-block-heading wp-el\">Lennundusgrupi <strong>visioon<\/strong> on olla esimene valik suurtele lennufirmadele, kes vajavad paindlikku ning kuluefektiivset lennuteenust.<\/h4>\n<\/blockquote>\n<\/div>\n\n\n\n<div class=\"wp-block-column\" style=\"flex-basis:100%\">\n<p class=\"wp-el\"><\/p>\n<\/div>\n<\/div>\n\n\n\n<p class=\"wp-el\">Kaubam\u00e4rkide Xfly ja Nordica omanikuna on meil Euroopa lennuteenuste turul tugev positsioon. Suured lennufirmad soovivad pidevas muutumises olevas lennunduses kasvada kasumlikult ja j\u00e4tkusuutlikult. Meie aitame neid eesm\u00e4rke ellu viia.<\/p>\n\n\n\n<p class=\"wp-el\">Nordic Aviation Group\u2019i \u00f5nnestumised on silma j\u00e4\u00e4nud mitmetele Euroopa partneritele. Oma kogemustepagasiga aitame kommertslennufirmadel saavutada pikaajalisi strateegilisi eesm\u00e4rke. Meil on olemas ekpertiis ja suutlikkus toetada Euroopa idufirmasid lennuettev\u00f5tja sertifikaatide taotlemisel ning toetada alustavaid lennufirmasid vajalike tugiteenustega. Me lubame oma inimestele ja partneritele, et aitame neil areneda ja kasvada, luues koos pikaajalist v\u00e4\u00e4rtust nii kodumaal kui teistel turgudel!<\/p>\n\n\n\n<p class=\"wp-el\">Me oleme t\u00e4nulikud ja uhked, et meie koost\u00f6\u00f6partnerid usaldavad meile v\u00f5tmerolli nende kasvu toetaval teekonnal. Me pakume kvaliteeti, kuluefektiivsust ja paindlikkust viisil, mis aitab suurtel lennufirmadel olla turul konkurentsiv\u00f5imelisemad. Meid iseloomustab p\u00f5hjamaine organisatsioonikultuur, mis koosneb pehmetest v\u00e4\u00e4rtustest, kaasamisest, t\u00f6\u00f6tajate heaolust hoolimisest ja mitmekesisusest. Lisaks sellele oleme kaasaegne ja ihaldatud t\u00f6\u00f6andja paljudele talentidele, kes soovivad ennast lennunduses teostada.<\/p>\n\n\n\n<p class=\"wp-el\">Nordic Aviation Group on t\u00f6\u00f6andjaks enam kui 700-le lennundusspetsialistile kolmek\u00fcmnest eri rahvusest. Meie inimeste eriline oskusteave aitab igap\u00e4evaselt kaasa ettev\u00f5tte kasvule ja arengule. Grupi ambitsioon on veelgi kasvada, sest lennundus on mahu\u00e4ri. <\/p>\n\n\n<div class=\"ama-block block-staff\"><div class=\"block-title is-wide\"><h2 class=\"wp-el\" data-animate=\"T_FADE_DOWN\">Juhatuse liikmed<\/h2><\/div><div id=\"staff-member-1036\" class=\"staff-item\" data-animate=\"T_FADE_UP\"><div class=\"staff-item__thumb d-block position-relative\"><img loading=\"lazy\" decoding=\"async\" width=\"285\" height=\"185\" src=\"https:\/\/www.nagroup.ee\/wp-content\/uploads\/2022\/11\/remco-althuis-CEO-Xfly-and-Nordica-ACMI-provider-airlines-285x185.png\" class=\"attachment-img-285x185 size-img-285x185 wp-post-image\" alt=\"\" \/><\/div><p class=\"has-medium-font-size fw-medium\">Remco Althuis<\/p><p>Tegevjuht<\/p><p>Juhatuse esimees<\/p><\/div><div id=\"staff-member-1665\" class=\"staff-item\" data-animate=\"T_FADE_UP\"><div class=\"staff-item__thumb d-block position-relative\"><img loading=\"lazy\" decoding=\"async\" width=\"285\" height=\"185\" src=\"https:\/\/www.nagroup.ee\/wp-content\/uploads\/2023\/11\/gabriel_web2.png\" class=\"attachment-img-285x185 size-img-285x185 wp-post-image\" alt=\"\" \/><\/div><p class=\"has-medium-font-size fw-medium\">Gabriel Rusu<\/p><p>Finantsjuht<\/p><\/div><div id=\"staff-member-1643\" class=\"staff-item\" data-animate=\"T_FADE_UP\"><div class=\"staff-item__thumb d-block position-relative\"><img loading=\"lazy\" decoding=\"async\" width=\"285\" height=\"185\" src=\"https:\/\/www.nagroup.ee\/wp-content\/uploads\/2023\/10\/tony_nagroup.png\" class=\"attachment-img-285x185 size-img-285x185 wp-post-image\" alt=\"\" \/><\/div><p class=\"has-medium-font-size fw-medium\">Tony Mackenzie<\/p><p>Operatsioonide juht<\/p><\/div><\/div>\n\n<div class=\"ama-block block-staff\"><div class=\"block-title is-wide\"><h2 class=\"wp-el\" data-animate=\"T_FADE_DOWN\">Juhtkond<\/h2><\/div><div id=\"staff-member-1040\" class=\"staff-item\" data-animate=\"T_FADE_UP\"><div class=\"staff-item__thumb d-block position-relative\"><img loading=\"lazy\" decoding=\"async\" width=\"285\" height=\"185\" src=\"https:\/\/www.nagroup.ee\/wp-content\/uploads\/2022\/11\/annika-talve-285x185.png\" class=\"attachment-img-285x185 size-img-285x185 wp-post-image\" alt=\"\" srcset=\"https:\/\/www.nagroup.ee\/wp-content\/uploads\/2022\/11\/annika-talve-285x185.png 285w, https:\/\/www.nagroup.ee\/wp-content\/uploads\/2022\/11\/annika-talve.png 570w\" sizes=\"auto, (max-width: 285px) 100vw, 285px\" \/><\/div><p class=\"has-medium-font-size fw-medium\">Annika Talve<\/p><p>\u00d5igusjuht<\/p><\/div><div id=\"staff-member-1033\" class=\"staff-item\" data-animate=\"T_FADE_UP\"><div class=\"staff-item__thumb d-block position-relative\"><img loading=\"lazy\" decoding=\"async\" width=\"285\" height=\"185\" src=\"https:\/\/www.nagroup.ee\/wp-content\/uploads\/2023\/01\/inese_nag2023-285x185.jpg\" class=\"attachment-img-285x185 size-img-285x185 wp-post-image\" alt=\"\" srcset=\"https:\/\/www.nagroup.ee\/wp-content\/uploads\/2023\/01\/inese_nag2023-285x185.jpg 285w, https:\/\/www.nagroup.ee\/wp-content\/uploads\/2023\/01\/inese_nag2023-1440x935.jpg 1440w\" sizes=\"auto, (max-width: 285px) 100vw, 285px\" \/><\/div><p class=\"has-medium-font-size fw-medium\">Inese Sitko-Bulle<\/p><p>Personalijuht<\/p><\/div><div id=\"staff-member-2022\" class=\"staff-item\" data-animate=\"T_FADE_UP\"><div class=\"staff-item__thumb d-block position-relative\"><img loading=\"lazy\" decoding=\"async\" width=\"285\" height=\"185\" src=\"https:\/\/www.nagroup.ee\/wp-content\/uploads\/2024\/05\/jurgis-285x185-2.png\" class=\"attachment-img-285x185 size-img-285x185 wp-post-image\" alt=\"\" \/><\/div><p class=\"has-medium-font-size fw-medium\">Jurgis Sedlenieks<\/p><p>Kommertsjuht<\/p><\/div><div id=\"staff-member-2051\" class=\"staff-item\" data-animate=\"T_FADE_UP\"><div class=\"staff-item__thumb d-block position-relative\"><img loading=\"lazy\" decoding=\"async\" width=\"285\" height=\"185\" src=\"https:\/\/www.nagroup.ee\/wp-content\/uploads\/2024\/06\/soasepp_nagroup.png\" class=\"attachment-img-285x185 size-img-285x185 wp-post-image\" alt=\"\" \/><\/div><p class=\"has-medium-font-size fw-medium\">Peeter Soasepp<\/p><p>Tehniline juht<\/p><\/div><\/div>\n\n<div class=\"ama-block block-staff\"><div class=\"block-title is-wide\"><h2 class=\"wp-el\" data-animate=\"T_FADE_DOWN\">N\u00f5ukogu<\/h2><\/div><div id=\"staff-member-1991\" class=\"staff-item\" data-animate=\"T_FADE_UP\"><div class=\"staff-item__thumb d-block position-relative\"><img loading=\"lazy\" decoding=\"async\" width=\"285\" height=\"185\" src=\"https:\/\/www.nagroup.ee\/wp-content\/uploads\/2024\/04\/kadri-land-xfly-nordica-1440x935-2-285x185.png\" class=\"attachment-img-285x185 size-img-285x185 wp-post-image\" alt=\"\" srcset=\"https:\/\/www.nagroup.ee\/wp-content\/uploads\/2024\/04\/kadri-land-xfly-nordica-1440x935-2-285x185.png 285w, https:\/\/www.nagroup.ee\/wp-content\/uploads\/2024\/04\/kadri-land-xfly-nordica-1440x935-2.png 1440w\" sizes=\"auto, (max-width: 285px) 100vw, 285px\" \/><\/div><p class=\"has-medium-font-size fw-medium\">Kadri Land<\/p><p>N\u00f5ukogu esinaine<\/p><\/div><div id=\"staff-member-1213\" class=\"staff-item\" data-animate=\"T_FADE_UP\"><div class=\"staff-item__thumb d-block position-relative\"><img loading=\"lazy\" decoding=\"async\" width=\"285\" height=\"185\" src=\"https:\/\/www.nagroup.ee\/wp-content\/uploads\/2023\/06\/sander-salmu-xfly-nordica-285x185.jpg\" class=\"attachment-img-285x185 size-img-285x185 wp-post-image\" alt=\"\" srcset=\"https:\/\/www.nagroup.ee\/wp-content\/uploads\/2023\/06\/sander-salmu-xfly-nordica-285x185.jpg 285w, https:\/\/www.nagroup.ee\/wp-content\/uploads\/2023\/06\/sander-salmu-xfly-nordica-1440x935.jpg 1440w\" sizes=\"auto, (max-width: 285px) 100vw, 285px\" \/><\/div><p class=\"has-medium-font-size fw-medium\">Sander Salmu<\/p><p>N\u00f5ukogu liige<\/p><\/div><div id=\"staff-member-1034\" class=\"staff-item\" data-animate=\"T_FADE_UP\"><div class=\"staff-item__thumb d-block position-relative\"><img loading=\"lazy\" decoding=\"async\" width=\"285\" height=\"185\" src=\"https:\/\/www.nagroup.ee\/wp-content\/uploads\/2022\/12\/Raag_web2-285x185.jpg\" class=\"attachment-img-285x185 size-img-285x185 wp-post-image\" alt=\"\" srcset=\"https:\/\/www.nagroup.ee\/wp-content\/uploads\/2022\/12\/Raag_web2-285x185.jpg 285w, https:\/\/www.nagroup.ee\/wp-content\/uploads\/2022\/12\/Raag_web2-1440x935.jpg 1440w, https:\/\/www.nagroup.ee\/wp-content\/uploads\/2022\/12\/Raag_web2-285x185@2x.jpg 570w\" sizes=\"auto, (max-width: 285px) 100vw, 285px\" \/><\/div><p class=\"has-medium-font-size fw-medium\">Kaupo Raag<\/p><p>N\u00f5ukogu liige<\/p><\/div><div id=\"staff-member-2033\" class=\"staff-item\" data-animate=\"T_FADE_UP\"><div class=\"staff-item__thumb d-block position-relative\"><img loading=\"lazy\" decoding=\"async\" width=\"285\" height=\"185\" src=\"https:\/\/www.nagroup.ee\/wp-content\/uploads\/2024\/06\/koit-kaskel-nagroup-285x185.png\" class=\"attachment-img-285x185 size-img-285x185 wp-post-image\" alt=\"\" srcset=\"https:\/\/www.nagroup.ee\/wp-content\/uploads\/2024\/06\/koit-kaskel-nagroup-285x185.png 285w, https:\/\/www.nagroup.ee\/wp-content\/uploads\/2024\/06\/koit-kaskel-nagroup.png 1440w\" sizes=\"auto, (max-width: 285px) 100vw, 285px\" \/><\/div><p class=\"has-medium-font-size fw-medium\">Koit Kaskel<\/p><p>N\u00f5ukogu liige<\/p><\/div><\/div>\n\n\n<h2 class=\"wp-block-heading wp-el\">Meie lennukipark<\/h2>\n\n\n\n<p class=\"wp-el\">Lennundusgrupp opereerib Xfly ja Nordica br\u00e4ndide all kolme t\u00fc\u00fcpi lennukitega: CRJ900, ATR72-600, Airbus A320. Viimaste n\u00e4ol on tegemist oluliselt keskkonna- ja reisijas\u00f5bralikuma lennukiga mida Euroopa taevas n\u00e4ha v\u00f5ib. <\/p>\n\n\n<div class=\"ama-block block-fleet\"><div id=\"staff-member-1047\" class=\"fleet-item text-center\"><div class=\"fleet-item__thumb d-block position-relative\" data-animate=\"T_FADE_ZOOM\"><img loading=\"lazy\" decoding=\"async\" width=\"790\" height=\"609\" src=\"https:\/\/www.nagroup.ee\/wp-content\/uploads\/2022\/11\/crj-900-nextgen.png\" class=\"attachment-large size-large wp-post-image\" alt=\"\" \/><\/div><p class=\"has-medium-font-size fw-medium\" data-animate=\"T_FADE_UP\">CRJ 900 NextGen<\/p><div class=\"classic-editor\" data-animate=\"T_FADE_UP\"><p>Lennukite arv: 9<br \/>\nIstekohti: 88<br \/>\nLennukaugus: 2500 km<\/p>\n<\/div><\/div><div id=\"staff-member-1048\" class=\"fleet-item text-center\"><div class=\"fleet-item__thumb d-block position-relative\" data-animate=\"T_FADE_ZOOM\"><img loading=\"lazy\" decoding=\"async\" width=\"723\" height=\"609\" src=\"https:\/\/www.nagroup.ee\/wp-content\/uploads\/2022\/11\/airbus-a320.png\" class=\"attachment-large size-large wp-post-image\" alt=\"\" \/><\/div><p class=\"has-medium-font-size fw-medium\" data-animate=\"T_FADE_UP\">Airbus A320 ja Airbus A320NEO<\/p><div class=\"classic-editor\" data-animate=\"T_FADE_UP\"><p>Lennukite arv: 4<br \/>\nIstekohti: 180<br \/>\nLennukaugus: 6300 km<\/p>\n<\/div><\/div><div id=\"staff-member-1049\" class=\"fleet-item text-center\"><div class=\"fleet-item__thumb d-block position-relative\" data-animate=\"T_FADE_ZOOM\"><img loading=\"lazy\" decoding=\"async\" width=\"807\" height=\"609\" src=\"https:\/\/www.nagroup.ee\/wp-content\/uploads\/2022\/11\/atr-72-600.png\" class=\"attachment-large size-large wp-post-image\" alt=\"\" \/><\/div><p class=\"has-medium-font-size fw-medium\" data-animate=\"T_FADE_UP\">ATR 72-600<\/p><div class=\"classic-editor\" data-animate=\"T_FADE_UP\"><p>Lennukite arv: 7<br \/>\nIstekohti: 70<br \/>\nLennukaugus: 1530 km<\/p>\n<\/div><\/div><\/div>\n\n\n<h2 class=\"wp-block-heading wp-el\">J\u00e4tkusuutilikkus<\/h2>\n\n\n\n<p class=\"wp-el\">Me m\u00f5istame, et pikas perspektiivis ei ole emisioonivabale lennundusele alternatiivi. Fossiilsetel k\u00fctustel toimiv lennundus on teel minevikku. J\u00e4lgime pidevalt trende ja uute tehnoloogiate arengut ning soovime olla kaasar\u00e4\u00e4kijad teemadel, mis viib lennunduse uude ajaj\u00e4rku.<\/p>\n\n\n\n<p class=\"wp-el\">Hindame k\u00f5rgelt v\u00f5rdseid \u00f5igusi ja t\u00f6\u00f6tajate heaolu. Meil on hea meel, et meie juhtkonda kuulub v\u00f5rdselt nii mees- kui ka naisjuhte. Pakume oma t\u00f6\u00f6tajatele erinevaid soodustusi ja heaolu\u00fcritusi, seltskondlikke tegevusi, meeskonnaliikmete vastastikuse toetuse programmi, soodsatel tingimustel reisimist \u00fcle maailma jms.<\/p>\n\n\n\n<p class=\"wp-el\">Oluline on olla kursis ESG-trendidega, seega p\u00fc\u00fcame pidevalt j\u00e4lgida uusi suundumusi keskkonna, j\u00e4tkusuutlikkuse ja juhtimisega seotud teemadel. Grupi j\u00e4tkusuutlikkuse meeskond osaleb aktiivselt kohalikes ja Euroopa organisatsioonides ning roheliste algatuste ja j\u00e4tkusuutlikkuse t\u00f6\u00f6r\u00fchmades. Oleme liitunud Euroopa Komisjoni poolt ellu kutsutud alliansiga <a href=\"https:\/\/defence-industry-space.ec.europa.eu\/eu-aeronautics-industry\/alliance-zero-emission-aviation_en\" data-type=\"URL\" data-id=\"https:\/\/defence-industry-space.ec.europa.eu\/eu-aeronautics-industry\/alliance-zero-emission-aviation_en\" rel=\"nofollow noopener\" target=\"_blank\">Alliance for Zero-Emissions Aviation<\/a>, AZEA. Alliansi peamine eesm\u00e4rk on koondada ELi era- ja avaliku sektori sidusr\u00fchmi ning aidata ette valmistada lennundust\u00f6\u00f6stust vesiniku- ja elektrilennukite kommertskasutusse v\u00f5tmiseks. EL on seadnud eesm\u00e4rgiks, et 2050. aastaks on k\u00f5ikide liidusiseste ja liidust v\u00e4ljuvate lendude CO2-heite tase null. Oleme ka <a href=\"http:\/\/www.h2est.ee\" data-type=\"URL\" data-id=\"www.h2est.ee\" rel=\"nofollow noopener\" target=\"_blank\">Eesti Vesinikutehnoloogiate Assotsiatsiooni <\/a>ja<a href=\"https:\/\/single-market-economy.ec.europa.eu\/industry\/strategy\/industrial-alliances\/european-clean-hydrogen-alliance_en\" data-type=\"URL\" data-id=\"https:\/\/single-market-economy.ec.europa.eu\/industry\/strategy\/industrial-alliances\/european-clean-hydrogen-alliance_en\" rel=\"nofollow noopener\" target=\"_blank\"> Euroopa Puhta Vesiniku Allians<\/a>i liige ning <a href=\"http:\/\/www.vesinikuorg.ee\" rel=\"nofollow noopener\" target=\"_blank\">Hydrogen Valley Estonia<\/a> toetajaliige<\/p>\n\n\n\n<p class=\"wp-el\">Lisaks sellele koolitame pidevalt oma t\u00f6\u00f6tajaid ja suurendame nende teadlikkust j\u00e4tkusuutlikkuse teemadel. <\/p>\n\n\n\n<div class=\"wp-block-columns\">\n<div class=\"wp-block-column\" style=\"flex-basis:33.33%\">\n<figure class=\"wp-block-image size-full\"><img loading=\"lazy\" decoding=\"async\" width=\"396\" height=\"137\" src=\"https:\/\/www.nagroup.ee\/wp-content\/uploads\/2022\/12\/European-Clean-Hydrogen-Alliance.png\" alt=\"\" class=\"wp-image-686\"\/><\/figure>\n<\/div>\n\n\n\n<div class=\"wp-block-column\" style=\"flex-basis:33.33%\">\n<figure class=\"wp-block-image size-full\"><img loading=\"lazy\" decoding=\"async\" width=\"606\" height=\"226\" src=\"https:\/\/www.nagroup.ee\/wp-content\/uploads\/2022\/12\/Alliance-for-Zero-Emissions-Aviation-1.png\" alt=\"\" class=\"wp-image-688\"\/><\/figure>\n<\/div>\n\n\n\n<div class=\"wp-block-column\" style=\"flex-basis:33.33%\">\n<figure class=\"wp-block-image size-full\"><img loading=\"lazy\" decoding=\"async\" width=\"329\" height=\"76\" src=\"https:\/\/www.nagroup.ee\/wp-content\/uploads\/2022\/12\/Estonian-Association-of-Hydrogen-Technologies.png\" alt=\"\" class=\"wp-image-690\"\/><\/figure>\n<\/div>\n<\/div>\n\n\n\n<h2 class=\"wp-block-heading wp-el\">Hooldusmeeskond <\/h2>\n\n\n\n<p class=\"wp-el\">Meie enda kvalifitseeritud hooldusmeeskonna loomine oli ettev\u00f5ttele v\u00e4ga oluline otsus! Xfly kaubam\u00e4rgi all tegutsev <a href=\"http:\/\/www.xfly.ee\/hooldusmeeskond\" data-type=\"URL\" data-id=\"www.xfly.ee\/hooldusmeeskond\" rel=\"nofollow noopener\" target=\"_blank\">PART145<\/a> meeskod on suurep\u00e4rane tugi meie lennuoperatsioonidele. Hooldusmeeskond hoolitseb selle eest, et lennukipark oleks lennuk\u00f5lblik ja regulaarselt hooldatud. Meie hooldusmeeskond pakub teenust, mida v\u00f5ib alati usaldada. <\/p>\n\n\n\n<p class=\"wp-el\">See on organisatsiooni kasvu silmas pidades \u00fcks olulisemiad l\u00fclisid. \u00dchtse meeskonnana tegutsedes luuakse suurt v\u00e4\u00e4rtuslik nii meile, kui ka meie klientidele.<\/p>\n\n\n\n<h2 class=\"wp-block-heading wp-el\">Xfly Lennuakadeemia<\/h2>\n\n\n\n<p class=\"wp-el\">Piloodiamet on ainus elukutse, mis t\u00f5stab sind s\u00f5na otseses m\u00f5ttes taevasse. Xfly lennukool on osa Xfly lennuettev\u00f5ttest.<\/p>\n\n\n\n<p class=\"wp-el\">Rahvusvaheliste lennundusorganisatsioonide ennustuste kohaselt on 2041. aastal maailmas realne n\u00f5udlus 600&nbsp;000 lisapiloodi ning 610&nbsp;000 lennukimehaaniku j\u00e4rele. Lennundusspetsialistide p\u00f5uda saame v\u00e4ltids ise endale uut t\u00f6\u00f6j\u00f5udu koolitades.<\/p>\n\n\n\n<p class=\"wp-el\">Juba praegu kannatab globaalne lennundussektor koolitatud spetsialistide puuduse k\u00e4es. Selle defitsiidi tekkimise ja s\u00fcvenemise ennetamiseks ostsustasime avada oma lennukooli, et tagada pilootide pidev j\u00e4relkasv. Edukalt kooli l\u00e4binud kadettidele pakume koheselt ka t\u00f6\u00f6d. Sel viisil tagame endale j\u00e4tkusuutliku kasvu.<\/p>\n\n\n\n<p class=\"wp-el\">Me teeme tihedat koost\u00f6\u00f6d Euroopa parimate lennukoolidega, et pakkuda esmaklassilist piloodikoolitust.<\/p>\n\n\n\n<p class=\"wp-el\">Xfly pikaajalised kliendid on suured Euroopa lennufirmad ja erinevad tuuroperaatorid sealhulgas SAS, TAP, LOT, Marabu ja varasemalt ka grupi teine lennufirma Nordica. Enne COVID-19 pandeemiat transportis Xfly oma klientide lendudel ligikaudu 2 miljonit reisijat ja korraldas \u00fcle 36 000 lennuoperatsiooni. 2022. aastast keskpaigast oleme taas kasvutrendis. Xfly peakontor asub Tallinnas, kuid meil on baasid ka Stockholmis, Kopenhaagenis, Aarhusis, Lissabonis, G\u00e4llivares, Turus, Vilniuses, Sofias, Hamburgis ja M\u00fcnhenis.<\/p>\n\n\n\n<h2 class=\"wp-block-heading wp-el\">Tule meile t\u00f6\u00f6le!<\/h2>\n\n\n\n<p class=\"wp-el\">Nordic Aviation Group on t\u00f6\u00f6andjaks enam kui 650-le lennundusspetsialistile 30st eri rahvusest.<\/p>\n\n\n\n<p class=\"wp-el\">Kui sa tunned, et sa soovid panustada Eesti lennufirma arengusse, siis me ootame Sind v\u00e4ga! Liitu meie rahvusvahelise meeskonnaga ja saa osa t\u00e4iesti erilisest kogemusest, mida pakub t\u00f6\u00f6 lennunduses.<\/p>\n\n\n\n<p class=\"wp-el\">T\u00f6\u00f6andjana on Nordic Aviation Group avatud ja kultuuriliselt mitmekesine kohtumispaik, kus suhtutakse h\u00e4sti pere- ja t\u00f6\u00f6elu \u00fchildamissse, toetatakse enesearengut ning p\u00fc\u00fctakse positiivse tagasiside ja tunnustamisega hoida kolleegide motivatsiooni k\u00f5rgel tasemel. Meie personaliosakond kaardistab t\u00f6\u00f6tajate arenguteekonda, pakkudes v\u00f5imalusi erinevateks koolitusteks ja eneset\u00e4iendusteks. Ettev\u00f5ttena korraldame l\u00e4bi aasta mitmeid sotsialiseerumis\u00fcritusi, et me inimesed tunnetaksid \u00fchtekuuluvust ja meeskonnatunnet. Nordic Aviation Group hindab k\u00f5rgelt nii individuaalset panustamist kui ka meeskonnat\u00f6\u00f6d. T\u00f6\u00f6protsesside h\u00f5lbustamiseks kasutame k\u00f5ige kaasaegsemaid t\u00f6\u00f6vahendeid ja tehnoloogiaid.<\/p>\n\n\n\n<p class=\"wp-el\">We are and will be a trusted employer in the sector. Aviation talents happily join our team and become a part of one of the biggest Capacity Provider Airlines in Europe. Culturally we envision our company to grow on the wings of empowered teams &#8211; talented people united by fun, personal development and trust. When working with us, you will become a family member of passionate aviation enthusiasts. <\/p>\n\n\n\n<p class=\"wp-el\"><\/p>\n\n\n\n<p class=\"wp-el\"><\/p>\n","protected":false},"excerpt":{"rendered":"<p>Meie lugu Nordic Aviation Group asutati 2015. aastal peale seda, kui Eesti Valitsus allkirjastas otsuse moodustada rahvuslik lennufirma, et tagada&#8230;<\/p>\n","protected":false},"author":1,"featured_media":2002,"parent":0,"menu_order":10,"comment_status":"closed","ping_status":"closed","template":"","meta":{"_acf_changed":false,"rank_math_lock_modified_date":false,"inline_featured_image":false,"footnotes":""},"class_list":["post-1052","page","type-page","status-publish","has-post-thumbnail","hentry"],"acf":[],"_links":{"self":[{"href":"https:\/\/www.nagroup.ee\/et\/wp-json\/wp\/v2\/pages\/1052","targetHints":{"allow":["GET"]}}],"collection":[{"href":"https:\/\/www.nagroup.ee\/et\/wp-json\/wp\/v2\/pages"}],"about":[{"href":"https:\/\/www.nagroup.ee\/et\/wp-json\/wp\/v2\/types\/page"}],"author":[{"embeddable":true,"href":"https:\/\/www.nagroup.ee\/et\/wp-json\/wp\/v2\/users\/1"}],"replies":[{"embeddable":true,"href":"https:\/\/www.nagroup.ee\/et\/wp-json\/wp\/v2\/comments?post=1052"}],"version-history":[{"count":104,"href":"https:\/\/www.nagroup.ee\/et\/wp-json\/wp\/v2\/pages\/1052\/revisions"}],"predecessor-version":[{"id":2053,"href":"https:\/\/www.nagroup.ee\/et\/wp-json\/wp\/v2\/pages\/1052\/revisions\/2053"}],"wp:featuredmedia":[{"embeddable":true,"href":"https:\/\/www.nagroup.ee\/et\/wp-json\/wp\/v2\/media\/2002"}],"wp:attachment":[{"href":"https:\/\/www.nagroup.ee\/et\/wp-json\/wp\/v2\/media?parent=1052"}],"curies":[{"name":"wp","href":"https:\/\/api.w.org\/{rel}","templated":true}]}}